{"id":61,"date":"2025-04-20T00:43:55","date_gmt":"2025-04-19T22:43:55","guid":{"rendered":"https:\/\/astoria-nagrobki.pl\/?page_id=61"},"modified":"2025-04-25T19:01:33","modified_gmt":"2025-04-25T17:01:33","slug":"galeria","status":"publish","type":"page","link":"https:\/\/astoria-nagrobki.pl\/?page_id=61","title":{"rendered":"Galeria"},"content":{"rendered":"\n<div style=\"height:100px\" aria-hidden=\"true\" class=\"wp-block-spacer\"><\/div>\n\n\n\n<hr class=\"wp-block-separator has-alpha-channel-opacity is-style-wide\"\/>\n\n\n\n<p class=\"has-text-align-center has-medium-font-size\">W naszej galerii prezentujemy wybrane realizacje, kt\u00f3re stanowi\u0105 przekr\u00f3j oferty Astoria Nagrobki. Ka\u017cdy z przedstawionych projekt\u00f3w zosta\u0142 wykonany z najwy\u017csz\u0105 staranno\u015bci\u0105. Wierzymy, \u017ce nagrobek to nie tylko miejsce pami\u0119ci, ale r\u00f3wnie\u017c forma uczczenia \u017cycia i osoby, kt\u00f3r\u0105 upami\u0119tnia.<\/p>\n\n\n\n<h2 class=\"wp-block-heading has-text-align-center\"><strong><em>Nagrobki pojedyncze<\/em><\/strong><\/h2>\n\n\n\n<p class=\"has-medium-font-size\">Klasyczne i nowoczesne wzory dla jednej osoby, z mo\u017cliwo\u015bci\u0105 personalizacji \u2013 od prostych, eleganckich form po ozdobne elementy rze\u017abiarskie i detale grawerskie.<\/p>\n\n\n\n<h2 class=\"wp-block-heading has-text-align-center\"><strong><em>Nagrobki podw\u00f3jne<\/em><\/strong><\/h2>\n\n\n\n<p class=\"has-medium-font-size\">Wielkoformatowe pomniki rodzinne lub ma\u0142\u017ce\u0144skie, kt\u00f3re zapewniaj\u0105 sp\u00f3jn\u0105 kompozycj\u0119 i harmonijny wygl\u0105d. Dost\u0119pne w wersjach z podw\u00f3jn\u0105 tablic\u0105, \u0142awkami, wazonami i dodatkowymi elementami ozdobnymi.<\/p>\n\n\n\n<h2 class=\"wp-block-heading has-text-align-center\"><strong><em>Nagrobki nowoczesne<\/em><\/strong><\/h2>\n\n\n\n<p class=\"has-medium-font-size\">Minimalistyczne, geometryczne formy, kt\u00f3re \u0142\u0105cz\u0105 prostot\u0119 z elegancj\u0105. Idealne dla os\u00f3b szukaj\u0105cych czego\u015b nietuzinkowego i estetycznie sp\u00f3jnego ze wsp\u00f3\u0142czesnym wzornictwem.<\/p>\n\n\n\n<p class=\"has-medium-font-size\">Wszystkie nagrobki z naszej oferty wykonujemy z najwi\u0119ksz\u0105 staranno\u015bci\u0105, z uwzgl\u0119dnieniem indywidualnych potrzeb, tradycji oraz mo\u017cliwo\u015bci przestrzennych cmentarza.<br>Zobacz poni\u017cej przyk\u0142adowe realizacje i zainspiruj si\u0119 do stworzenia wyj\u0105tkowego miejsca pami\u0119ci.<\/p>\n\n\n\n<div style=\"height:59px\" aria-hidden=\"true\" class=\"wp-block-spacer\"><\/div>\n\n\n\n<div><\/div>\n\n\n","protected":false},"excerpt":{"rendered":"<p>W naszej galerii prezentujemy wybrane realizacje, kt\u00f3re stanowi\u0105 przekr\u00f3j oferty Astoria Nagrobki. Ka\u017cdy z przedstawionych projekt\u00f3w zosta\u0142 wykonany z najwy\u017csz\u0105 staranno\u015bci\u0105. Wierzymy, \u017ce nagrobek to nie tylko miejsce pami\u0119ci, ale r\u00f3wnie\u017c forma uczczenia \u017cycia i osoby, kt\u00f3r\u0105 upami\u0119tnia. Nagrobki pojedyncze Klasyczne i nowoczesne wzory dla jednej osoby, z mo\u017cliwo\u015bci\u0105 personalizacji \u2013 od prostych, eleganckich form [&hellip;]<\/p>\n","protected":false},"author":1,"featured_media":0,"parent":0,"menu_order":0,"comment_status":"closed","ping_status":"closed","template":"full-width","meta":{"saved_in_kubio":true,"footnotes":""},"class_list":["post-61","page","type-page","status-publish","hentry"],"kubio_ai_page_context":{"short_desc":"","purpose":"general"},"_links":{"self":[{"href":"https:\/\/astoria-nagrobki.pl\/index.php?rest_route=\/wp\/v2\/pages\/61","targetHints":{"allow":["GET"]}}],"collection":[{"href":"https:\/\/astoria-nagrobki.pl\/index.php?rest_route=\/wp\/v2\/pages"}],"about":[{"href":"https:\/\/astoria-nagrobki.pl\/index.php?rest_route=\/wp\/v2\/types\/page"}],"author":[{"embeddable":true,"href":"https:\/\/astoria-nagrobki.pl\/index.php?rest_route=\/wp\/v2\/users\/1"}],"replies":[{"embeddable":true,"href":"https:\/\/astoria-nagrobki.pl\/index.php?rest_route=%2Fwp%2Fv2%2Fcomments&post=61"}],"version-history":[{"count":15,"href":"https:\/\/astoria-nagrobki.pl\/index.php?rest_route=\/wp\/v2\/pages\/61\/revisions"}],"predecessor-version":[{"id":641,"href":"https:\/\/astoria-nagrobki.pl\/index.php?rest_route=\/wp\/v2\/pages\/61\/revisions\/641"}],"wp:attachment":[{"href":"https:\/\/astoria-nagrobki.pl\/index.php?rest_route=%2Fwp%2Fv2%2Fmedia&parent=61"}],"curies":[{"name":"wp","href":"https:\/\/api.w.org\/{rel}","templated":true}]}}